{"id":148,"date":"2019-09-05T09:12:19","date_gmt":"2019-09-05T09:12:19","guid":{"rendered":"https:\/\/demo.themeisle.com\/neve-creative-portfolio-bb\/?page_id=148"},"modified":"2020-05-31T21:51:03","modified_gmt":"2020-05-31T19:51:03","slug":"portfolio","status":"publish","type":"page","link":"https:\/\/www.queendesign.fr\/index.php\/portfolio\/","title":{"rendered":"Portfolio"},"content":{"rendered":"\n\t<h2>\n\t\t\t\t\tPortfolio\n\t\t\t\t<\/h2>\n\t<p>galerie<\/p>\n\t<h2>\n\t\t\t\t\tProjets\n\t\t\t\t<\/h2>\n\t\t\t<p>Logo, identit\u00e9 visuelle, charte graphique, mise en page, vid\u00e9o, &#8230;<\/p>\t\t\n\t\t\t\t<figure>\n\t\t\t\t\t\t\t<a href=\"http:\/\/www.queendesign.fr\/index.php\/portfolio\/journee-de-la-femme-webhelp-vitre\/\" title=\"Journ\u00e9e de la Femme - Webhelp Vitr\u00e9\" target=\"_self\" rel=\"noopener noreferrer\"><\/a>\n\t\t\t\t<img decoding=\"async\" src=\"http:\/\/www.queendesign.fr\/wp-content\/uploads\/2018\/12\/Depliant.jpg\" alt=\"Depliant Journ\u00e9e de la femme\" itemprop=\"image\"\/>\n\t\t\t<figcaption>\n\t\t\t\t<h3>Journ\u00e9e de la Femme &#8211; Webhelp Vitr\u00e9<\/h3>\n\t\t\t\t\t\t\t\t\tCr\u00e9ation d&rsquo;un logo et mise en forme d&rsquo;un d\u00e9pliant informatif\n\t\t\t<a href=\"http:\/\/www.queendesign.fr\/index.php\/portfolio\/journee-de-la-femme-webhelp-vitre\/\" target=\"_self\" role=\"button\" rel=\"noopener noreferrer\">\n\t\t\t\t\t\tClick Here\n\t\t<\/a>\n\t\t\t\t<\/figcaption>\n\t\t<\/figure>\n\t\t\t\t<figure>\n\t\t\t\t\t\t\t<a href=\"http:\/\/www.queendesign.fr\/index.php\/portfolio\/webhelp-tourcoing\/\" title=\"Webhelp Tourcoing - WTG\" target=\"_self\" rel=\"noopener noreferrer\"><\/a>\n\t\t\t\t<img decoding=\"async\" src=\"http:\/\/www.queendesign.fr\/wp-content\/uploads\/2020\/02\/WTG-Logo.jpg\" alt=\"logo version 2\" itemprop=\"image\"\/>\n\t\t\t<figcaption>\n\t\t\t\t<h3>Webhelp Tourcoing &#8211; WTG<\/h3>\n\t\t\t\t\t\t\t\t\tCr\u00e9ation d&rsquo;un logo\n\t\t\t<a href=\"http:\/\/www.queendesign.fr\/index.php\/portfolio\/webhelp-tourcoing\/\" target=\"_self\" role=\"button\" rel=\"noopener noreferrer\">\n\t\t\t\t\t\tClick Here\n\t\t<\/a>\n\t\t\t\t<\/figcaption>\n\t\t<\/figure>\n\t\t\t\t<figure>\n\t\t\t\t\t\t\t<a href=\"http:\/\/www.queendesign.fr\/index.php\/portfolio\/olympique-cesson-escrime\/\" title=\"Identit\u00e9 Olympique Cesson Escrime                                                                                \" target=\"_self\" rel=\"noopener noreferrer\"><\/a>\n\t\t\t\t<img decoding=\"async\" src=\"http:\/\/www.queendesign.fr\/wp-content\/uploads\/2019\/12\/Pr\u00e9sentation-logo-1.png\" alt=\"Logo OCE\" itemprop=\"image\"\/>\n\t\t\t<figcaption>\n\t\t\t\t<h3>Identit\u00e9 Olympique Cesson Escrime                                                                                <\/h3>\n\t\t\t\t\t\t\t\t\tModernisation du logo et cr\u00e9ation d&rsquo;affiches et flyers\n\t\t\t<a href=\"http:\/\/www.queendesign.fr\/index.php\/portfolio\/olympique-cesson-escrime\/\" target=\"_self\" role=\"button\" rel=\"noopener noreferrer\">\n\t\t\t\t\t\tClick Here\n\t\t<\/a>\n\t\t\t\t<\/figcaption>\n\t\t<\/figure>\n\t\t\t\t<figure>\n\t\t\t\t\t\t\t<a href=\"http:\/\/www.queendesign.fr\/index.php\/portfolio\/amala-cosplay\/\" title=\"Amala Cosplay\" target=\"_self\" rel=\"noopener noreferrer\"><\/a>\n\t\t\t\t<img decoding=\"async\" src=\"http:\/\/www.queendesign.fr\/wp-content\/uploads\/2019\/12\/Amala.png\" alt=\"Amala\" itemprop=\"image\"\/>\n\t\t\t<figcaption>\n\t\t\t\t<h3>Amala Cosplay<\/h3>\n\t\t\t\t\t\t\t\t\tCr\u00e9ation de logo\n\t\t\t<a href=\"http:\/\/www.queendesign.fr\/index.php\/portfolio\/amala-cosplay\/\" target=\"_self\" role=\"button\" rel=\"noopener noreferrer\">\n\t\t\t\t\t\tClick Here\n\t\t<\/a>\n\t\t\t\t<\/figcaption>\n\t\t<\/figure>\n\t\t\t\t<figure>\n\t\t\t\t\t\t\t<a href=\"http:\/\/www.queendesign.fr\/index.php\/portfolio\/illustrations-personnages-fantasy\/\" title=\"Illustrations personnages fantasy\" target=\"_self\" rel=\"noopener noreferrer\"><\/a>\n\t\t\t\t<img decoding=\"async\" src=\"http:\/\/www.queendesign.fr\/wp-content\/uploads\/2019\/12\/ILLU.png\" alt=\"ILLU\" itemprop=\"image\"\/>\n\t\t\t<figcaption>\n\t\t\t\t<h3>Illustrations personnages fantasy<\/h3>\n\t\t\t\t\t\t\t\t\tdigital painting\n\t\t\t<a href=\"http:\/\/www.queendesign.fr\/index.php\/portfolio\/illustrations-personnages-fantasy\/\" target=\"_self\" role=\"button\" rel=\"noopener noreferrer\">\n\t\t\t\t\t\tClick Here\n\t\t<\/a>\n\t\t\t\t<\/figcaption>\n\t\t<\/figure>\n\t\t\t\t<figure>\n\t\t\t\t\t\t\t<a href=\"http:\/\/www.queendesign.fr\/index.php\/portfolio\/signaletique-webhelp-vitre\/\" title=\"Signal\u00e9tique - Webhelp Vitr\u00e9\" target=\"_self\" rel=\"noopener noreferrer\"><\/a>\n\t\t\t\t<img decoding=\"async\" src=\"http:\/\/www.queendesign.fr\/wp-content\/uploads\/2020\/02\/office-door-1024x683.png\" alt=\"office door\" itemprop=\"image\"\/>\n\t\t\t<figcaption>\n\t\t\t\t<h3>Signal\u00e9tique &#8211; Webhelp Vitr\u00e9<\/h3>\n\t\t\t\t\t\t\t\t\tSignal\u00e9tique suite au rebranding\n\t\t\t<a href=\"http:\/\/www.queendesign.fr\/index.php\/portfolio\/signaletique-webhelp-vitre\/\" target=\"_self\" role=\"button\" rel=\"noopener noreferrer\">\n\t\t\t\t\t\tClick Here\n\t\t<\/a>\n\t\t\t\t<\/figcaption>\n\t\t<\/figure>\n\t\t\t\t<figure>\n\t\t\t\t\t\t\t<a href=\"http:\/\/www.queendesign.fr\/index.php\/portfolio\/homeshoring-webhelp-vitre\/\" title=\"Affiches Homeshoring - Webhelp Vitr\u00e9\" target=\"_self\" rel=\"noopener noreferrer\"><\/a>\n\t\t\t\t<img decoding=\"async\" src=\"http:\/\/www.queendesign.fr\/wp-content\/uploads\/2020\/02\/1-1024x727.png\" alt=\"1\" itemprop=\"image\"\/>\n\t\t\t<figcaption>\n\t\t\t\t<h3>Affiches Homeshoring &#8211; Webhelp Vitr\u00e9<\/h3>\n\t\t\t\t\t\t\t\t\tCr\u00e9ation d&rsquo;affiches\n\t\t\t<a href=\"http:\/\/www.queendesign.fr\/index.php\/portfolio\/homeshoring-webhelp-vitre\/\" target=\"_self\" role=\"button\" rel=\"noopener noreferrer\">\n\t\t\t\t\t\tClick Here\n\t\t<\/a>\n\t\t\t\t<\/figcaption>\n\t\t<\/figure>\n\t\t\t\t<figure>\n\t\t\t\t\t\t\t<a href=\"http:\/\/www.queendesign.fr\/index.php\/portfolio\/junior-magazine\/\" title=\"Junior Magazine\" target=\"_self\" rel=\"noopener noreferrer\"><\/a>\n\t\t\t\t<img decoding=\"async\" src=\"http:\/\/www.queendesign.fr\/wp-content\/uploads\/2020\/02\/JM15.png\" alt=\"JM15\" itemprop=\"image\"\/>\n\t\t\t<figcaption>\n\t\t\t\t<h3>Junior Magazine<\/h3>\n\t\t\t\t\t\t\t\t\tCr\u00e9ation de maquette de magazine\n\t\t\t<a href=\"http:\/\/www.queendesign.fr\/index.php\/portfolio\/junior-magazine\/\" target=\"_self\" role=\"button\" rel=\"noopener noreferrer\">\n\t\t\t\t\t\tClick Here\n\t\t<\/a>\n\t\t\t\t<\/figcaption>\n\t\t<\/figure>\n","protected":false},"excerpt":{"rendered":"<p>Portfolio galerie Projets Logo, identit\u00e9 visuelle, charte graphique, mise en page, vid\u00e9o, &#8230; Journ\u00e9e de la Femme &#8211; Webhelp Vitr\u00e9 Cr\u00e9ation d&rsquo;un logo et mise en forme d&rsquo;un d\u00e9pliant informatif Click Here Webhelp Tourcoing &#8211; WTG Cr\u00e9ation d&rsquo;un logo Click Here Identit\u00e9 Olympique Cesson Escrime Modernisation du logo et cr\u00e9ation d&rsquo;affiches et flyers Click Here&hellip;&nbsp;<a href=\"https:\/\/www.queendesign.fr\/index.php\/portfolio\/\" class=\"\" rel=\"bookmark\">Lire la suite &raquo;<span class=\"screen-reader-text\">Portfolio<\/span><\/a><\/p>\n","protected":false},"author":1,"featured_media":0,"parent":0,"menu_order":0,"comment_status":"closed","ping_status":"closed","template":"","meta":{"neve_meta_sidebar":"default","neve_meta_container":"default","neve_meta_enable_content_width":"off","neve_meta_content_width":70,"neve_meta_title_alignment":"","neve_meta_author_avatar":"","neve_post_elements_order":"","neve_meta_disable_header":"off","neve_meta_disable_footer":"off","neve_meta_disable_title":"on","_themeisle_gutenberg_block_has_review":false,"footnotes":""},"class_list":["post-148","page","type-page","status-publish","hentry"],"yoast_head":"<!-- This site is optimized with the Yoast SEO plugin v23.7 - https:\/\/yoast.com\/wordpress\/plugins\/seo\/ -->\n<title>Portfolio &#8211; QueenDesign<\/title>\n<meta name=\"robots\" content=\"index, follow, max-snippet:-1, max-image-preview:large, max-video-preview:-1\" \/>\n<link rel=\"canonical\" href=\"https:\/\/www.queendesign.fr\/index.php\/portfolio\/\" \/>\n<meta property=\"og:locale\" content=\"fr_FR\" \/>\n<meta property=\"og:type\" content=\"article\" \/>\n<meta property=\"og:title\" content=\"Portfolio &#8211; QueenDesign\" \/>\n<meta property=\"og:description\" content=\"Portfolio galerie Projets Logo, identit\u00e9 visuelle, charte graphique, mise en page, vid\u00e9o, &#8230; Journ\u00e9e de la Femme &#8211; Webhelp Vitr\u00e9 Cr\u00e9ation d&rsquo;un logo et mise en forme d&rsquo;un d\u00e9pliant informatif Click Here Webhelp Tourcoing &#8211; WTG Cr\u00e9ation d&rsquo;un logo Click Here Identit\u00e9 Olympique Cesson Escrime Modernisation du logo et cr\u00e9ation d&rsquo;affiches et flyers Click Here&hellip;&nbsp;Lire la suite &raquo;Portfolio\" \/>\n<meta property=\"og:url\" content=\"https:\/\/www.queendesign.fr\/index.php\/portfolio\/\" \/>\n<meta property=\"og:site_name\" content=\"QueenDesign\" \/>\n<meta property=\"article:modified_time\" content=\"2020-05-31T19:51:03+00:00\" \/>\n<meta property=\"og:image\" content=\"http:\/\/www.queendesign.fr\/wp-content\/uploads\/2018\/12\/Depliant.jpg\" \/>\n<meta name=\"twitter:card\" content=\"summary_large_image\" \/>\n<meta name=\"twitter:label1\" content=\"Dur\u00e9e de lecture estim\u00e9e\" \/>\n\t<meta name=\"twitter:data1\" content=\"1 minute\" \/>\n<script type=\"application\/ld+json\" class=\"yoast-schema-graph\">{\"@context\":\"https:\/\/schema.org\",\"@graph\":[{\"@type\":\"WebPage\",\"@id\":\"https:\/\/www.queendesign.fr\/index.php\/portfolio\/\",\"url\":\"https:\/\/www.queendesign.fr\/index.php\/portfolio\/\",\"name\":\"Portfolio &#8211; QueenDesign\",\"isPartOf\":{\"@id\":\"https:\/\/www.queendesign.fr\/#website\"},\"primaryImageOfPage\":{\"@id\":\"https:\/\/www.queendesign.fr\/index.php\/portfolio\/#primaryimage\"},\"image\":{\"@id\":\"https:\/\/www.queendesign.fr\/index.php\/portfolio\/#primaryimage\"},\"thumbnailUrl\":\"http:\/\/www.queendesign.fr\/wp-content\/uploads\/2018\/12\/Depliant.jpg\",\"datePublished\":\"2019-09-05T09:12:19+00:00\",\"dateModified\":\"2020-05-31T19:51:03+00:00\",\"breadcrumb\":{\"@id\":\"https:\/\/www.queendesign.fr\/index.php\/portfolio\/#breadcrumb\"},\"inLanguage\":\"fr-FR\",\"potentialAction\":[{\"@type\":\"ReadAction\",\"target\":[\"https:\/\/www.queendesign.fr\/index.php\/portfolio\/\"]}]},{\"@type\":\"ImageObject\",\"inLanguage\":\"fr-FR\",\"@id\":\"https:\/\/www.queendesign.fr\/index.php\/portfolio\/#primaryimage\",\"url\":\"http:\/\/www.queendesign.fr\/wp-content\/uploads\/2018\/12\/Depliant.jpg\",\"contentUrl\":\"http:\/\/www.queendesign.fr\/wp-content\/uploads\/2018\/12\/Depliant.jpg\"},{\"@type\":\"BreadcrumbList\",\"@id\":\"https:\/\/www.queendesign.fr\/index.php\/portfolio\/#breadcrumb\",\"itemListElement\":[{\"@type\":\"ListItem\",\"position\":1,\"name\":\"Home\",\"item\":\"https:\/\/www.queendesign.fr\/\"},{\"@type\":\"ListItem\",\"position\":2,\"name\":\"Portfolio\"}]},{\"@type\":\"WebSite\",\"@id\":\"https:\/\/www.queendesign.fr\/#website\",\"url\":\"https:\/\/www.queendesign.fr\/\",\"name\":\"QueenDesign\",\"description\":\"Graphic &amp; Motion designer\",\"publisher\":{\"@id\":\"https:\/\/www.queendesign.fr\/#\/schema\/person\/0c3eeffbcff095ffa6dfefc183d10c6e\"},\"potentialAction\":[{\"@type\":\"SearchAction\",\"target\":{\"@type\":\"EntryPoint\",\"urlTemplate\":\"https:\/\/www.queendesign.fr\/?s={search_term_string}\"},\"query-input\":{\"@type\":\"PropertyValueSpecification\",\"valueRequired\":true,\"valueName\":\"search_term_string\"}}],\"inLanguage\":\"fr-FR\"},{\"@type\":[\"Person\",\"Organization\"],\"@id\":\"https:\/\/www.queendesign.fr\/#\/schema\/person\/0c3eeffbcff095ffa6dfefc183d10c6e\",\"name\":\"QueenDesign\",\"image\":{\"@type\":\"ImageObject\",\"inLanguage\":\"fr-FR\",\"@id\":\"https:\/\/www.queendesign.fr\/#\/schema\/person\/image\/\",\"url\":\"https:\/\/www.queendesign.fr\/wp-content\/uploads\/2018\/12\/violetcrown-1024x1024.jpg\",\"contentUrl\":\"https:\/\/www.queendesign.fr\/wp-content\/uploads\/2018\/12\/violetcrown-1024x1024.jpg\",\"width\":1024,\"height\":1024,\"caption\":\"QueenDesign\"},\"logo\":{\"@id\":\"https:\/\/www.queendesign.fr\/#\/schema\/person\/image\/\"}}]}<\/script>\n<!-- \/ Yoast SEO plugin. -->","yoast_head_json":{"title":"Portfolio &#8211; QueenDesign","robots":{"index":"index","follow":"follow","max-snippet":"max-snippet:-1","max-image-preview":"max-image-preview:large","max-video-preview":"max-video-preview:-1"},"canonical":"https:\/\/www.queendesign.fr\/index.php\/portfolio\/","og_locale":"fr_FR","og_type":"article","og_title":"Portfolio &#8211; QueenDesign","og_description":"Portfolio galerie Projets Logo, identit\u00e9 visuelle, charte graphique, mise en page, vid\u00e9o, &#8230; Journ\u00e9e de la Femme &#8211; Webhelp Vitr\u00e9 Cr\u00e9ation d&rsquo;un logo et mise en forme d&rsquo;un d\u00e9pliant informatif Click Here Webhelp Tourcoing &#8211; WTG Cr\u00e9ation d&rsquo;un logo Click Here Identit\u00e9 Olympique Cesson Escrime Modernisation du logo et cr\u00e9ation d&rsquo;affiches et flyers Click Here&hellip;&nbsp;Lire la suite &raquo;Portfolio","og_url":"https:\/\/www.queendesign.fr\/index.php\/portfolio\/","og_site_name":"QueenDesign","article_modified_time":"2020-05-31T19:51:03+00:00","og_image":[{"url":"http:\/\/www.queendesign.fr\/wp-content\/uploads\/2018\/12\/Depliant.jpg"}],"twitter_card":"summary_large_image","twitter_misc":{"Dur\u00e9e de lecture estim\u00e9e":"1 minute"},"schema":{"@context":"https:\/\/schema.org","@graph":[{"@type":"WebPage","@id":"https:\/\/www.queendesign.fr\/index.php\/portfolio\/","url":"https:\/\/www.queendesign.fr\/index.php\/portfolio\/","name":"Portfolio &#8211; QueenDesign","isPartOf":{"@id":"https:\/\/www.queendesign.fr\/#website"},"primaryImageOfPage":{"@id":"https:\/\/www.queendesign.fr\/index.php\/portfolio\/#primaryimage"},"image":{"@id":"https:\/\/www.queendesign.fr\/index.php\/portfolio\/#primaryimage"},"thumbnailUrl":"http:\/\/www.queendesign.fr\/wp-content\/uploads\/2018\/12\/Depliant.jpg","datePublished":"2019-09-05T09:12:19+00:00","dateModified":"2020-05-31T19:51:03+00:00","breadcrumb":{"@id":"https:\/\/www.queendesign.fr\/index.php\/portfolio\/#breadcrumb"},"inLanguage":"fr-FR","potentialAction":[{"@type":"ReadAction","target":["https:\/\/www.queendesign.fr\/index.php\/portfolio\/"]}]},{"@type":"ImageObject","inLanguage":"fr-FR","@id":"https:\/\/www.queendesign.fr\/index.php\/portfolio\/#primaryimage","url":"http:\/\/www.queendesign.fr\/wp-content\/uploads\/2018\/12\/Depliant.jpg","contentUrl":"http:\/\/www.queendesign.fr\/wp-content\/uploads\/2018\/12\/Depliant.jpg"},{"@type":"BreadcrumbList","@id":"https:\/\/www.queendesign.fr\/index.php\/portfolio\/#breadcrumb","itemListElement":[{"@type":"ListItem","position":1,"name":"Home","item":"https:\/\/www.queendesign.fr\/"},{"@type":"ListItem","position":2,"name":"Portfolio"}]},{"@type":"WebSite","@id":"https:\/\/www.queendesign.fr\/#website","url":"https:\/\/www.queendesign.fr\/","name":"QueenDesign","description":"Graphic &amp; Motion designer","publisher":{"@id":"https:\/\/www.queendesign.fr\/#\/schema\/person\/0c3eeffbcff095ffa6dfefc183d10c6e"},"potentialAction":[{"@type":"SearchAction","target":{"@type":"EntryPoint","urlTemplate":"https:\/\/www.queendesign.fr\/?s={search_term_string}"},"query-input":{"@type":"PropertyValueSpecification","valueRequired":true,"valueName":"search_term_string"}}],"inLanguage":"fr-FR"},{"@type":["Person","Organization"],"@id":"https:\/\/www.queendesign.fr\/#\/schema\/person\/0c3eeffbcff095ffa6dfefc183d10c6e","name":"QueenDesign","image":{"@type":"ImageObject","inLanguage":"fr-FR","@id":"https:\/\/www.queendesign.fr\/#\/schema\/person\/image\/","url":"https:\/\/www.queendesign.fr\/wp-content\/uploads\/2018\/12\/violetcrown-1024x1024.jpg","contentUrl":"https:\/\/www.queendesign.fr\/wp-content\/uploads\/2018\/12\/violetcrown-1024x1024.jpg","width":1024,"height":1024,"caption":"QueenDesign"},"logo":{"@id":"https:\/\/www.queendesign.fr\/#\/schema\/person\/image\/"}}]}},"_links":{"self":[{"href":"https:\/\/www.queendesign.fr\/index.php\/wp-json\/wp\/v2\/pages\/148","targetHints":{"allow":["GET"]}}],"collection":[{"href":"https:\/\/www.queendesign.fr\/index.php\/wp-json\/wp\/v2\/pages"}],"about":[{"href":"https:\/\/www.queendesign.fr\/index.php\/wp-json\/wp\/v2\/types\/page"}],"author":[{"embeddable":true,"href":"https:\/\/www.queendesign.fr\/index.php\/wp-json\/wp\/v2\/users\/1"}],"replies":[{"embeddable":true,"href":"https:\/\/www.queendesign.fr\/index.php\/wp-json\/wp\/v2\/comments?post=148"}],"version-history":[{"count":31,"href":"https:\/\/www.queendesign.fr\/index.php\/wp-json\/wp\/v2\/pages\/148\/revisions"}],"predecessor-version":[{"id":608,"href":"https:\/\/www.queendesign.fr\/index.php\/wp-json\/wp\/v2\/pages\/148\/revisions\/608"}],"wp:attachment":[{"href":"https:\/\/www.queendesign.fr\/index.php\/wp-json\/wp\/v2\/media?parent=148"}],"curies":[{"name":"wp","href":"https:\/\/api.w.org\/{rel}","templated":true}]}}