{"id":509,"date":"2020-02-28T18:17:42","date_gmt":"2020-02-28T17:17:42","guid":{"rendered":"http:\/\/www.queendesign.fr\/?page_id=509"},"modified":"2020-02-29T17:36:32","modified_gmt":"2020-02-29T16:36:32","slug":"homeshoring-webhelp-vitre","status":"publish","type":"page","link":"https:\/\/www.queendesign.fr\/index.php\/portfolio\/homeshoring-webhelp-vitre\/","title":{"rendered":"Homeshoring &#8211; Webhelp Vitr\u00e9"},"content":{"rendered":"\n\t<h2>\n\t\t\t\t\tAffiches Homeshoring &#8211; Webhelp Vitr\u00e9\n\t\t\t\t<\/h2>\n\t\t\t<p>Cr\u00e9ation d&rsquo;affiches pour promouvoir le homeshoring (travail \u00e0 domicile) pour Webhelp Vitr\u00e9<\/p>\t\t\n\t\t\t\t<a href=\"http:\/\/www.queendesign.fr\/wp-content\/uploads\/2020\/02\/Affiche_Homeshoringbook-.jpg\" target=\"_self\" itemprop=\"url\" rel=\"noopener noreferrer\">\n\t\t\t\t<img loading=\"lazy\" decoding=\"async\" src=\"http:\/\/www.queendesign.fr\/wp-content\/uploads\/2020\/02\/Affiche_Homeshoringbook--724x1024.jpg\" alt=\"Affiche &quot;fun&quot;\" itemprop=\"image\" height=\"1024\" width=\"724\" title=\"Affiche &quot;fun&quot;\" onerror=\"this.style.display='none'\"  \/>\n\t\t\t\t<\/a>\n\t<p>Affiche \u00ab\u00a0fun\u00a0\u00bb<\/p>\n\t\t\t\t<a href=\"http:\/\/www.queendesign.fr\/wp-content\/uploads\/2020\/02\/Affiche_Homeshoringbook2-.jpg\" target=\"_self\" itemprop=\"url\" rel=\"noopener noreferrer\">\n\t\t\t\t<img loading=\"lazy\" decoding=\"async\" src=\"http:\/\/www.queendesign.fr\/wp-content\/uploads\/2020\/02\/Affiche_Homeshoringbook2-.jpg\" alt=\"Affiche conventionnelle\" itemprop=\"image\" height=\"2481\" width=\"1754\" title=\"Affiche conventionnelle\" onerror=\"this.style.display='none'\"  \/>\n\t\t\t\t<\/a>\n\t<p>Affiche conventionelle<\/p>\n\t\t\t\t<a href=\"http:\/\/www.queendesign.fr\/wp-content\/uploads\/2020\/02\/1.png\" target=\"_self\" itemprop=\"url\" rel=\"noopener noreferrer\">\n\t\t\t\t<img loading=\"lazy\" decoding=\"async\" src=\"http:\/\/www.queendesign.fr\/wp-content\/uploads\/2020\/02\/1.png\" alt=\"1\" itemprop=\"image\" height=\"1420\" width=\"2000\" title=\"1\" onerror=\"this.style.display='none'\"  \/>\n\t\t\t\t<\/a>\n","protected":false},"excerpt":{"rendered":"<p>Affiches Homeshoring &#8211; Webhelp Vitr\u00e9 Cr\u00e9ation d&rsquo;affiches pour promouvoir le homeshoring (travail \u00e0 domicile) pour Webhelp Vitr\u00e9 Affiche \u00ab\u00a0fun\u00a0\u00bb Affiche conventionelle<\/p>\n","protected":false},"author":1,"featured_media":0,"parent":148,"menu_order":0,"comment_status":"closed","ping_status":"closed","template":"","meta":{"neve_meta_sidebar":"full-width","neve_meta_container":"","neve_meta_enable_content_width":"on","neve_meta_content_width":100,"neve_meta_title_alignment":"","neve_meta_author_avatar":"","neve_post_elements_order":"","neve_meta_disable_header":"","neve_meta_disable_footer":"","neve_meta_disable_title":"on","_themeisle_gutenberg_block_has_review":false,"footnotes":""},"class_list":["post-509","page","type-page","status-publish","hentry"],"yoast_head":"<!-- This site is optimized with the Yoast SEO plugin v23.7 - https:\/\/yoast.com\/wordpress\/plugins\/seo\/ -->\n<title>Homeshoring - Webhelp Vitr\u00e9 &#8211; QueenDesign<\/title>\n<meta name=\"robots\" content=\"index, follow, max-snippet:-1, max-image-preview:large, max-video-preview:-1\" \/>\n<link rel=\"canonical\" href=\"https:\/\/www.queendesign.fr\/index.php\/portfolio\/homeshoring-webhelp-vitre\/\" \/>\n<meta property=\"og:locale\" content=\"fr_FR\" \/>\n<meta property=\"og:type\" content=\"article\" \/>\n<meta property=\"og:title\" content=\"Homeshoring - Webhelp Vitr\u00e9 &#8211; QueenDesign\" \/>\n<meta property=\"og:description\" content=\"Affiches Homeshoring &#8211; Webhelp Vitr\u00e9 Cr\u00e9ation d&rsquo;affiches pour promouvoir le homeshoring (travail \u00e0 domicile) pour Webhelp Vitr\u00e9 Affiche \u00ab\u00a0fun\u00a0\u00bb Affiche conventionelle\" \/>\n<meta property=\"og:url\" content=\"https:\/\/www.queendesign.fr\/index.php\/portfolio\/homeshoring-webhelp-vitre\/\" \/>\n<meta property=\"og:site_name\" content=\"QueenDesign\" \/>\n<meta property=\"article:modified_time\" content=\"2020-02-29T16:36:32+00:00\" \/>\n<meta property=\"og:image\" content=\"http:\/\/www.queendesign.fr\/wp-content\/uploads\/2020\/02\/Affiche_Homeshoringbook--724x1024.jpg\" \/>\n<meta name=\"twitter:card\" content=\"summary_large_image\" \/>\n<script type=\"application\/ld+json\" class=\"yoast-schema-graph\">{\"@context\":\"https:\/\/schema.org\",\"@graph\":[{\"@type\":\"WebPage\",\"@id\":\"https:\/\/www.queendesign.fr\/index.php\/portfolio\/homeshoring-webhelp-vitre\/\",\"url\":\"https:\/\/www.queendesign.fr\/index.php\/portfolio\/homeshoring-webhelp-vitre\/\",\"name\":\"Homeshoring - Webhelp Vitr\u00e9 &#8211; QueenDesign\",\"isPartOf\":{\"@id\":\"https:\/\/www.queendesign.fr\/#website\"},\"primaryImageOfPage\":{\"@id\":\"https:\/\/www.queendesign.fr\/index.php\/portfolio\/homeshoring-webhelp-vitre\/#primaryimage\"},\"image\":{\"@id\":\"https:\/\/www.queendesign.fr\/index.php\/portfolio\/homeshoring-webhelp-vitre\/#primaryimage\"},\"thumbnailUrl\":\"http:\/\/www.queendesign.fr\/wp-content\/uploads\/2020\/02\/Affiche_Homeshoringbook--724x1024.jpg\",\"datePublished\":\"2020-02-28T17:17:42+00:00\",\"dateModified\":\"2020-02-29T16:36:32+00:00\",\"breadcrumb\":{\"@id\":\"https:\/\/www.queendesign.fr\/index.php\/portfolio\/homeshoring-webhelp-vitre\/#breadcrumb\"},\"inLanguage\":\"fr-FR\",\"potentialAction\":[{\"@type\":\"ReadAction\",\"target\":[\"https:\/\/www.queendesign.fr\/index.php\/portfolio\/homeshoring-webhelp-vitre\/\"]}]},{\"@type\":\"ImageObject\",\"inLanguage\":\"fr-FR\",\"@id\":\"https:\/\/www.queendesign.fr\/index.php\/portfolio\/homeshoring-webhelp-vitre\/#primaryimage\",\"url\":\"http:\/\/www.queendesign.fr\/wp-content\/uploads\/2020\/02\/Affiche_Homeshoringbook--724x1024.jpg\",\"contentUrl\":\"http:\/\/www.queendesign.fr\/wp-content\/uploads\/2020\/02\/Affiche_Homeshoringbook--724x1024.jpg\"},{\"@type\":\"BreadcrumbList\",\"@id\":\"https:\/\/www.queendesign.fr\/index.php\/portfolio\/homeshoring-webhelp-vitre\/#breadcrumb\",\"itemListElement\":[{\"@type\":\"ListItem\",\"position\":1,\"name\":\"Home\",\"item\":\"https:\/\/www.queendesign.fr\/\"},{\"@type\":\"ListItem\",\"position\":2,\"name\":\"Portfolio\",\"item\":\"https:\/\/www.queendesign.fr\/index.php\/portfolio\/\"},{\"@type\":\"ListItem\",\"position\":3,\"name\":\"Homeshoring &#8211; Webhelp Vitr\u00e9\"}]},{\"@type\":\"WebSite\",\"@id\":\"https:\/\/www.queendesign.fr\/#website\",\"url\":\"https:\/\/www.queendesign.fr\/\",\"name\":\"QueenDesign\",\"description\":\"Graphic &amp; Motion designer\",\"publisher\":{\"@id\":\"https:\/\/www.queendesign.fr\/#\/schema\/person\/0c3eeffbcff095ffa6dfefc183d10c6e\"},\"potentialAction\":[{\"@type\":\"SearchAction\",\"target\":{\"@type\":\"EntryPoint\",\"urlTemplate\":\"https:\/\/www.queendesign.fr\/?s={search_term_string}\"},\"query-input\":{\"@type\":\"PropertyValueSpecification\",\"valueRequired\":true,\"valueName\":\"search_term_string\"}}],\"inLanguage\":\"fr-FR\"},{\"@type\":[\"Person\",\"Organization\"],\"@id\":\"https:\/\/www.queendesign.fr\/#\/schema\/person\/0c3eeffbcff095ffa6dfefc183d10c6e\",\"name\":\"QueenDesign\",\"image\":{\"@type\":\"ImageObject\",\"inLanguage\":\"fr-FR\",\"@id\":\"https:\/\/www.queendesign.fr\/#\/schema\/person\/image\/\",\"url\":\"https:\/\/www.queendesign.fr\/wp-content\/uploads\/2018\/12\/violetcrown-1024x1024.jpg\",\"contentUrl\":\"https:\/\/www.queendesign.fr\/wp-content\/uploads\/2018\/12\/violetcrown-1024x1024.jpg\",\"width\":1024,\"height\":1024,\"caption\":\"QueenDesign\"},\"logo\":{\"@id\":\"https:\/\/www.queendesign.fr\/#\/schema\/person\/image\/\"}}]}<\/script>\n<!-- \/ Yoast SEO plugin. -->","yoast_head_json":{"title":"Homeshoring - Webhelp Vitr\u00e9 &#8211; QueenDesign","robots":{"index":"index","follow":"follow","max-snippet":"max-snippet:-1","max-image-preview":"max-image-preview:large","max-video-preview":"max-video-preview:-1"},"canonical":"https:\/\/www.queendesign.fr\/index.php\/portfolio\/homeshoring-webhelp-vitre\/","og_locale":"fr_FR","og_type":"article","og_title":"Homeshoring - Webhelp Vitr\u00e9 &#8211; QueenDesign","og_description":"Affiches Homeshoring &#8211; Webhelp Vitr\u00e9 Cr\u00e9ation d&rsquo;affiches pour promouvoir le homeshoring (travail \u00e0 domicile) pour Webhelp Vitr\u00e9 Affiche \u00ab\u00a0fun\u00a0\u00bb Affiche conventionelle","og_url":"https:\/\/www.queendesign.fr\/index.php\/portfolio\/homeshoring-webhelp-vitre\/","og_site_name":"QueenDesign","article_modified_time":"2020-02-29T16:36:32+00:00","og_image":[{"url":"http:\/\/www.queendesign.fr\/wp-content\/uploads\/2020\/02\/Affiche_Homeshoringbook--724x1024.jpg"}],"twitter_card":"summary_large_image","schema":{"@context":"https:\/\/schema.org","@graph":[{"@type":"WebPage","@id":"https:\/\/www.queendesign.fr\/index.php\/portfolio\/homeshoring-webhelp-vitre\/","url":"https:\/\/www.queendesign.fr\/index.php\/portfolio\/homeshoring-webhelp-vitre\/","name":"Homeshoring - Webhelp Vitr\u00e9 &#8211; QueenDesign","isPartOf":{"@id":"https:\/\/www.queendesign.fr\/#website"},"primaryImageOfPage":{"@id":"https:\/\/www.queendesign.fr\/index.php\/portfolio\/homeshoring-webhelp-vitre\/#primaryimage"},"image":{"@id":"https:\/\/www.queendesign.fr\/index.php\/portfolio\/homeshoring-webhelp-vitre\/#primaryimage"},"thumbnailUrl":"http:\/\/www.queendesign.fr\/wp-content\/uploads\/2020\/02\/Affiche_Homeshoringbook--724x1024.jpg","datePublished":"2020-02-28T17:17:42+00:00","dateModified":"2020-02-29T16:36:32+00:00","breadcrumb":{"@id":"https:\/\/www.queendesign.fr\/index.php\/portfolio\/homeshoring-webhelp-vitre\/#breadcrumb"},"inLanguage":"fr-FR","potentialAction":[{"@type":"ReadAction","target":["https:\/\/www.queendesign.fr\/index.php\/portfolio\/homeshoring-webhelp-vitre\/"]}]},{"@type":"ImageObject","inLanguage":"fr-FR","@id":"https:\/\/www.queendesign.fr\/index.php\/portfolio\/homeshoring-webhelp-vitre\/#primaryimage","url":"http:\/\/www.queendesign.fr\/wp-content\/uploads\/2020\/02\/Affiche_Homeshoringbook--724x1024.jpg","contentUrl":"http:\/\/www.queendesign.fr\/wp-content\/uploads\/2020\/02\/Affiche_Homeshoringbook--724x1024.jpg"},{"@type":"BreadcrumbList","@id":"https:\/\/www.queendesign.fr\/index.php\/portfolio\/homeshoring-webhelp-vitre\/#breadcrumb","itemListElement":[{"@type":"ListItem","position":1,"name":"Home","item":"https:\/\/www.queendesign.fr\/"},{"@type":"ListItem","position":2,"name":"Portfolio","item":"https:\/\/www.queendesign.fr\/index.php\/portfolio\/"},{"@type":"ListItem","position":3,"name":"Homeshoring &#8211; Webhelp Vitr\u00e9"}]},{"@type":"WebSite","@id":"https:\/\/www.queendesign.fr\/#website","url":"https:\/\/www.queendesign.fr\/","name":"QueenDesign","description":"Graphic &amp; Motion designer","publisher":{"@id":"https:\/\/www.queendesign.fr\/#\/schema\/person\/0c3eeffbcff095ffa6dfefc183d10c6e"},"potentialAction":[{"@type":"SearchAction","target":{"@type":"EntryPoint","urlTemplate":"https:\/\/www.queendesign.fr\/?s={search_term_string}"},"query-input":{"@type":"PropertyValueSpecification","valueRequired":true,"valueName":"search_term_string"}}],"inLanguage":"fr-FR"},{"@type":["Person","Organization"],"@id":"https:\/\/www.queendesign.fr\/#\/schema\/person\/0c3eeffbcff095ffa6dfefc183d10c6e","name":"QueenDesign","image":{"@type":"ImageObject","inLanguage":"fr-FR","@id":"https:\/\/www.queendesign.fr\/#\/schema\/person\/image\/","url":"https:\/\/www.queendesign.fr\/wp-content\/uploads\/2018\/12\/violetcrown-1024x1024.jpg","contentUrl":"https:\/\/www.queendesign.fr\/wp-content\/uploads\/2018\/12\/violetcrown-1024x1024.jpg","width":1024,"height":1024,"caption":"QueenDesign"},"logo":{"@id":"https:\/\/www.queendesign.fr\/#\/schema\/person\/image\/"}}]}},"_links":{"self":[{"href":"https:\/\/www.queendesign.fr\/index.php\/wp-json\/wp\/v2\/pages\/509","targetHints":{"allow":["GET"]}}],"collection":[{"href":"https:\/\/www.queendesign.fr\/index.php\/wp-json\/wp\/v2\/pages"}],"about":[{"href":"https:\/\/www.queendesign.fr\/index.php\/wp-json\/wp\/v2\/types\/page"}],"author":[{"embeddable":true,"href":"https:\/\/www.queendesign.fr\/index.php\/wp-json\/wp\/v2\/users\/1"}],"replies":[{"embeddable":true,"href":"https:\/\/www.queendesign.fr\/index.php\/wp-json\/wp\/v2\/comments?post=509"}],"version-history":[{"count":5,"href":"https:\/\/www.queendesign.fr\/index.php\/wp-json\/wp\/v2\/pages\/509\/revisions"}],"predecessor-version":[{"id":537,"href":"https:\/\/www.queendesign.fr\/index.php\/wp-json\/wp\/v2\/pages\/509\/revisions\/537"}],"up":[{"embeddable":true,"href":"https:\/\/www.queendesign.fr\/index.php\/wp-json\/wp\/v2\/pages\/148"}],"wp:attachment":[{"href":"https:\/\/www.queendesign.fr\/index.php\/wp-json\/wp\/v2\/media?parent=509"}],"curies":[{"name":"wp","href":"https:\/\/api.w.org\/{rel}","templated":true}]}}