{"id":562,"date":"2020-04-08T16:15:59","date_gmt":"2020-04-08T14:15:59","guid":{"rendered":"http:\/\/www.queendesign.fr\/?page_id=562"},"modified":"2020-09-19T22:41:05","modified_gmt":"2020-09-19T20:41:05","slug":"video","status":"publish","type":"page","link":"https:\/\/www.queendesign.fr\/index.php\/portfolio\/video\/","title":{"rendered":"Vid\u00e9o"},"content":{"rendered":"\n\t<h2>\n\t\t\t\t\tVideo\n\t\t\t\t<\/h2>\n\t<h3>\n\t\t\t\t\tCustom streaming intro\n\t\t\t\t<\/h3>\n\t\t\t<p>Introduction streaming personnalis\u00e9e<\/p>\t\t\n\t<meta itemprop=\"url\" content=\"http:\/\/www.queendesign.fr\/wp-content\/uploads\/2020\/09\/TRAVIS-STARTING-SOON2.mp4\" \/><meta itemprop=\"thumbnail\" content=\"\" \/><div style=\"width: 100px;\" class=\"wp-video\"><video class=\"wp-video-shortcode\" id=\"video-562-1\" width=\"100\" height=\"100\" loop preload=\"metadata\" controls=\"controls\"><source type=\"video\/mp4\" src=\"http:\/\/www.queendesign.fr\/wp-content\/uploads\/2020\/09\/TRAVIS-STARTING-SOON2.mp4?_=1\" \/><a href=\"http:\/\/www.queendesign.fr\/wp-content\/uploads\/2020\/09\/TRAVIS-STARTING-SOON2.mp4\">http:\/\/www.queendesign.fr\/wp-content\/uploads\/2020\/09\/TRAVIS-STARTING-SOON2.mp4<\/a><\/video><\/div>\n\t<h3>\n\t\t\t\t\tCustom streaming intro\n\t\t\t\t<\/h3>\n\t\t\t<p>Introduction streaming personnalis\u00e9e<\/p>\t\t\n\t<meta itemprop=\"url\" content=\"http:\/\/www.queendesign.fr\/wp-content\/uploads\/2020\/09\/STARTING-SOON_1.mp4\" \/><meta itemprop=\"thumbnail\" content=\"\" \/><div style=\"width: 100px;\" class=\"wp-video\"><video class=\"wp-video-shortcode\" id=\"video-562-2\" width=\"100\" height=\"100\" loop preload=\"metadata\" controls=\"controls\"><source type=\"video\/mp4\" src=\"http:\/\/www.queendesign.fr\/wp-content\/uploads\/2020\/09\/STARTING-SOON_1.mp4?_=2\" \/><a href=\"http:\/\/www.queendesign.fr\/wp-content\/uploads\/2020\/09\/STARTING-SOON_1.mp4\">http:\/\/www.queendesign.fr\/wp-content\/uploads\/2020\/09\/STARTING-SOON_1.mp4<\/a><\/video><\/div>\n\t<h3>\n\t\t\t\t\tTrajet \u00e0 la Carte &#8211; Webhelp Vitr\u00e9\n\t\t\t\t<\/h3>\n\t\t\t<p>Vid\u00e9o pour promouvoir le covoiturage entre coll\u00e8gues<\/p>\t\t\n\t<meta itemprop=\"url\" content=\"http:\/\/www.queendesign.fr\/wp-content\/uploads\/2020\/04\/TALC_Logepal-1080p.mp4\" \/><meta itemprop=\"thumbnail\" content=\"\" \/><div style=\"width: 100px;\" class=\"wp-video\"><video class=\"wp-video-shortcode\" id=\"video-562-3\" width=\"100\" height=\"100\" preload=\"metadata\" controls=\"controls\"><source type=\"video\/mp4\" src=\"http:\/\/www.queendesign.fr\/wp-content\/uploads\/2020\/04\/TALC_Logepal-1080p.mp4?_=3\" \/><a href=\"http:\/\/www.queendesign.fr\/wp-content\/uploads\/2020\/04\/TALC_Logepal-1080p.mp4\">http:\/\/www.queendesign.fr\/wp-content\/uploads\/2020\/04\/TALC_Logepal-1080p.mp4<\/a><\/video><\/div>\n","protected":false},"excerpt":{"rendered":"<p>Video Custom streaming intro Introduction streaming personnalis\u00e9e Custom streaming intro Introduction streaming personnalis\u00e9e Trajet \u00e0 la Carte &#8211; Webhelp Vitr\u00e9 Vid\u00e9o pour promouvoir le covoiturage entre coll\u00e8gues<\/p>\n","protected":false},"author":1,"featured_media":0,"parent":148,"menu_order":0,"comment_status":"closed","ping_status":"closed","template":"","meta":{"neve_meta_sidebar":"full-width","neve_meta_container":"","neve_meta_enable_content_width":"on","neve_meta_content_width":100,"neve_meta_title_alignment":"","neve_meta_author_avatar":"","neve_post_elements_order":"","neve_meta_disable_header":"","neve_meta_disable_footer":"","neve_meta_disable_title":"on","_themeisle_gutenberg_block_has_review":false,"footnotes":""},"class_list":["post-562","page","type-page","status-publish","hentry"],"yoast_head":"<!-- This site is optimized with the Yoast SEO plugin v23.7 - https:\/\/yoast.com\/wordpress\/plugins\/seo\/ -->\n<title>Vid\u00e9o &#8211; QueenDesign<\/title>\n<meta name=\"robots\" content=\"index, follow, max-snippet:-1, max-image-preview:large, max-video-preview:-1\" \/>\n<link rel=\"canonical\" href=\"https:\/\/www.queendesign.fr\/index.php\/portfolio\/video\/\" \/>\n<meta property=\"og:locale\" content=\"fr_FR\" \/>\n<meta property=\"og:type\" content=\"article\" \/>\n<meta property=\"og:title\" content=\"Vid\u00e9o &#8211; QueenDesign\" \/>\n<meta property=\"og:description\" content=\"Video Custom streaming intro Introduction streaming personnalis\u00e9e Custom streaming intro Introduction streaming personnalis\u00e9e Trajet \u00e0 la Carte &#8211; Webhelp Vitr\u00e9 Vid\u00e9o pour promouvoir le covoiturage entre coll\u00e8gues\" \/>\n<meta property=\"og:url\" content=\"https:\/\/www.queendesign.fr\/index.php\/portfolio\/video\/\" \/>\n<meta property=\"og:site_name\" content=\"QueenDesign\" \/>\n<meta property=\"article:modified_time\" content=\"2020-09-19T20:41:05+00:00\" \/>\n<meta name=\"twitter:card\" content=\"summary_large_image\" \/>\n<script type=\"application\/ld+json\" class=\"yoast-schema-graph\">{\"@context\":\"https:\/\/schema.org\",\"@graph\":[{\"@type\":\"WebPage\",\"@id\":\"https:\/\/www.queendesign.fr\/index.php\/portfolio\/video\/\",\"url\":\"https:\/\/www.queendesign.fr\/index.php\/portfolio\/video\/\",\"name\":\"Vid\u00e9o &#8211; QueenDesign\",\"isPartOf\":{\"@id\":\"https:\/\/www.queendesign.fr\/#website\"},\"datePublished\":\"2020-04-08T14:15:59+00:00\",\"dateModified\":\"2020-09-19T20:41:05+00:00\",\"breadcrumb\":{\"@id\":\"https:\/\/www.queendesign.fr\/index.php\/portfolio\/video\/#breadcrumb\"},\"inLanguage\":\"fr-FR\",\"potentialAction\":[{\"@type\":\"ReadAction\",\"target\":[\"https:\/\/www.queendesign.fr\/index.php\/portfolio\/video\/\"]}]},{\"@type\":\"BreadcrumbList\",\"@id\":\"https:\/\/www.queendesign.fr\/index.php\/portfolio\/video\/#breadcrumb\",\"itemListElement\":[{\"@type\":\"ListItem\",\"position\":1,\"name\":\"Home\",\"item\":\"https:\/\/www.queendesign.fr\/\"},{\"@type\":\"ListItem\",\"position\":2,\"name\":\"Portfolio\",\"item\":\"https:\/\/www.queendesign.fr\/index.php\/portfolio\/\"},{\"@type\":\"ListItem\",\"position\":3,\"name\":\"Vid\u00e9o\"}]},{\"@type\":\"WebSite\",\"@id\":\"https:\/\/www.queendesign.fr\/#website\",\"url\":\"https:\/\/www.queendesign.fr\/\",\"name\":\"QueenDesign\",\"description\":\"Graphic &amp; Motion designer\",\"publisher\":{\"@id\":\"https:\/\/www.queendesign.fr\/#\/schema\/person\/0c3eeffbcff095ffa6dfefc183d10c6e\"},\"potentialAction\":[{\"@type\":\"SearchAction\",\"target\":{\"@type\":\"EntryPoint\",\"urlTemplate\":\"https:\/\/www.queendesign.fr\/?s={search_term_string}\"},\"query-input\":{\"@type\":\"PropertyValueSpecification\",\"valueRequired\":true,\"valueName\":\"search_term_string\"}}],\"inLanguage\":\"fr-FR\"},{\"@type\":[\"Person\",\"Organization\"],\"@id\":\"https:\/\/www.queendesign.fr\/#\/schema\/person\/0c3eeffbcff095ffa6dfefc183d10c6e\",\"name\":\"QueenDesign\",\"image\":{\"@type\":\"ImageObject\",\"inLanguage\":\"fr-FR\",\"@id\":\"https:\/\/www.queendesign.fr\/#\/schema\/person\/image\/\",\"url\":\"https:\/\/www.queendesign.fr\/wp-content\/uploads\/2018\/12\/violetcrown-1024x1024.jpg\",\"contentUrl\":\"https:\/\/www.queendesign.fr\/wp-content\/uploads\/2018\/12\/violetcrown-1024x1024.jpg\",\"width\":1024,\"height\":1024,\"caption\":\"QueenDesign\"},\"logo\":{\"@id\":\"https:\/\/www.queendesign.fr\/#\/schema\/person\/image\/\"}}]}<\/script>\n<!-- \/ Yoast SEO plugin. -->","yoast_head_json":{"title":"Vid\u00e9o &#8211; QueenDesign","robots":{"index":"index","follow":"follow","max-snippet":"max-snippet:-1","max-image-preview":"max-image-preview:large","max-video-preview":"max-video-preview:-1"},"canonical":"https:\/\/www.queendesign.fr\/index.php\/portfolio\/video\/","og_locale":"fr_FR","og_type":"article","og_title":"Vid\u00e9o &#8211; QueenDesign","og_description":"Video Custom streaming intro Introduction streaming personnalis\u00e9e Custom streaming intro Introduction streaming personnalis\u00e9e Trajet \u00e0 la Carte &#8211; Webhelp Vitr\u00e9 Vid\u00e9o pour promouvoir le covoiturage entre coll\u00e8gues","og_url":"https:\/\/www.queendesign.fr\/index.php\/portfolio\/video\/","og_site_name":"QueenDesign","article_modified_time":"2020-09-19T20:41:05+00:00","twitter_card":"summary_large_image","schema":{"@context":"https:\/\/schema.org","@graph":[{"@type":"WebPage","@id":"https:\/\/www.queendesign.fr\/index.php\/portfolio\/video\/","url":"https:\/\/www.queendesign.fr\/index.php\/portfolio\/video\/","name":"Vid\u00e9o &#8211; QueenDesign","isPartOf":{"@id":"https:\/\/www.queendesign.fr\/#website"},"datePublished":"2020-04-08T14:15:59+00:00","dateModified":"2020-09-19T20:41:05+00:00","breadcrumb":{"@id":"https:\/\/www.queendesign.fr\/index.php\/portfolio\/video\/#breadcrumb"},"inLanguage":"fr-FR","potentialAction":[{"@type":"ReadAction","target":["https:\/\/www.queendesign.fr\/index.php\/portfolio\/video\/"]}]},{"@type":"BreadcrumbList","@id":"https:\/\/www.queendesign.fr\/index.php\/portfolio\/video\/#breadcrumb","itemListElement":[{"@type":"ListItem","position":1,"name":"Home","item":"https:\/\/www.queendesign.fr\/"},{"@type":"ListItem","position":2,"name":"Portfolio","item":"https:\/\/www.queendesign.fr\/index.php\/portfolio\/"},{"@type":"ListItem","position":3,"name":"Vid\u00e9o"}]},{"@type":"WebSite","@id":"https:\/\/www.queendesign.fr\/#website","url":"https:\/\/www.queendesign.fr\/","name":"QueenDesign","description":"Graphic &amp; Motion designer","publisher":{"@id":"https:\/\/www.queendesign.fr\/#\/schema\/person\/0c3eeffbcff095ffa6dfefc183d10c6e"},"potentialAction":[{"@type":"SearchAction","target":{"@type":"EntryPoint","urlTemplate":"https:\/\/www.queendesign.fr\/?s={search_term_string}"},"query-input":{"@type":"PropertyValueSpecification","valueRequired":true,"valueName":"search_term_string"}}],"inLanguage":"fr-FR"},{"@type":["Person","Organization"],"@id":"https:\/\/www.queendesign.fr\/#\/schema\/person\/0c3eeffbcff095ffa6dfefc183d10c6e","name":"QueenDesign","image":{"@type":"ImageObject","inLanguage":"fr-FR","@id":"https:\/\/www.queendesign.fr\/#\/schema\/person\/image\/","url":"https:\/\/www.queendesign.fr\/wp-content\/uploads\/2018\/12\/violetcrown-1024x1024.jpg","contentUrl":"https:\/\/www.queendesign.fr\/wp-content\/uploads\/2018\/12\/violetcrown-1024x1024.jpg","width":1024,"height":1024,"caption":"QueenDesign"},"logo":{"@id":"https:\/\/www.queendesign.fr\/#\/schema\/person\/image\/"}}]}},"_links":{"self":[{"href":"https:\/\/www.queendesign.fr\/index.php\/wp-json\/wp\/v2\/pages\/562","targetHints":{"allow":["GET"]}}],"collection":[{"href":"https:\/\/www.queendesign.fr\/index.php\/wp-json\/wp\/v2\/pages"}],"about":[{"href":"https:\/\/www.queendesign.fr\/index.php\/wp-json\/wp\/v2\/types\/page"}],"author":[{"embeddable":true,"href":"https:\/\/www.queendesign.fr\/index.php\/wp-json\/wp\/v2\/users\/1"}],"replies":[{"embeddable":true,"href":"https:\/\/www.queendesign.fr\/index.php\/wp-json\/wp\/v2\/comments?post=562"}],"version-history":[{"count":6,"href":"https:\/\/www.queendesign.fr\/index.php\/wp-json\/wp\/v2\/pages\/562\/revisions"}],"predecessor-version":[{"id":635,"href":"https:\/\/www.queendesign.fr\/index.php\/wp-json\/wp\/v2\/pages\/562\/revisions\/635"}],"up":[{"embeddable":true,"href":"https:\/\/www.queendesign.fr\/index.php\/wp-json\/wp\/v2\/pages\/148"}],"wp:attachment":[{"href":"https:\/\/www.queendesign.fr\/index.php\/wp-json\/wp\/v2\/media?parent=562"}],"curies":[{"name":"wp","href":"https:\/\/api.w.org\/{rel}","templated":true}]}}