{"id":572,"date":"2020-04-08T22:03:05","date_gmt":"2020-04-08T20:03:05","guid":{"rendered":"http:\/\/www.queendesign.fr\/?page_id=572"},"modified":"2024-10-24T14:10:54","modified_gmt":"2024-10-24T12:10:54","slug":"about-me","status":"publish","type":"page","link":"https:\/\/www.queendesign.fr\/index.php\/about-me\/","title":{"rendered":"About me"},"content":{"rendered":"\n\n\t<h1>\n\t\t\t\t\t\u00c0 propos de moi\n\t\t\t\t<\/h1>\n\t\t\t\t<img decoding=\"async\" src=\"http:\/\/www.queendesign.fr\/wp-content\/uploads\/2020\/09\/portrait.png\" alt=\"portrait\" itemprop=\"image\" title=\"portrait\" onerror=\"this.style.display='none'\"  \/>\n\t<h2>\n\t\t\t\t\tGraphiste et Motion Designer Freelance\n\t\t\t\t<\/h2>\n\t\t\t<p>Je suis Florence Vandecasteele, Graphiste &amp; Motion designer freelance. Ma devise est de faire de ma passion, mon m\u00e9tier. J&rsquo;aime relever de nouveaux challenges, faire de belles rencontres professionnelles et d\u00e9passer les fronti\u00e8res !Je saurai mener \u00e0 bien vos projets sur tous les supports de communication visuelle.<\/p>\t\t\n\t<h2>\n\t\t\t\t\tMes outils\n\t\t\t\t<\/h2>\n\t\t\t\t<img decoding=\"async\" src=\"http:\/\/www.queendesign.fr\/wp-content\/uploads\/2020\/02\/Id.png\" alt=\"Id\" itemprop=\"image\" title=\"Id\" onerror=\"this.style.display='none'\"  \/>\n\t\t\t\t<img decoding=\"async\" src=\"http:\/\/www.queendesign.fr\/wp-content\/uploads\/2020\/02\/Ps.png\" alt=\"Ps\" itemprop=\"image\" title=\"Ps\" onerror=\"this.style.display='none'\"  \/>\n\t\t\t\t<img decoding=\"async\" src=\"http:\/\/www.queendesign.fr\/wp-content\/uploads\/2020\/02\/Ai.png\" alt=\"Ai\" itemprop=\"image\" title=\"Ai\" onerror=\"this.style.display='none'\"  \/>\n\t\t\t\t<img decoding=\"async\" src=\"http:\/\/www.queendesign.fr\/wp-content\/uploads\/2020\/02\/Ae.png\" alt=\"Ae\" itemprop=\"image\" title=\"Ae\" onerror=\"this.style.display='none'\"  \/>\n\t\t\t\t<img decoding=\"async\" src=\"http:\/\/www.queendesign.fr\/wp-content\/uploads\/2020\/02\/Pr.png\" alt=\"Pr\" itemprop=\"image\" title=\"Pr\" onerror=\"this.style.display='none'\"  \/>\n\t<h2>\n\t\t\t\t\tMes Exp\u00e9riences\u00a0\n\t\t\t\t<\/h2>\n\t<p><em><strong>Depuis avril 2021 :<\/strong> <strong>Graphiste principale &#8211;<\/strong><\/em> <em><strong>AD2COM<\/strong><\/em> Cr\u00e9ation et mise \u00e0 jour de tous les supports de communication imprim\u00e9s pour 8 r\u00e9seaux de franchise nationaux dans le secteur des services \u00e0 la personne, du nettoyage industriel et de la s\u00e9curit\u00e9 : NOUNOU ADOM, MAISON ET SERVICES, VIVRE ADOM, GUEST ADOM, R\u00c9SEAU APROLLIANCE, R\u00c9SEAU APROLLIANCE HYGI\u00c8NE SP\u00c9CIFIQUE, R\u00c9SEAU APROLLIANCE S\u00c9CURIT\u00c9, R\u00c9SIDENCES VIVRE ENSEMBLE.<\/p>\n<ul>\n<li>Cr\u00e9ation et r\u00e9alisation de supports de communication, visuels pour flocage de v\u00e9hicule, enseignes, visuels pour les r\u00e9seaux sociaux&#8230;<\/li>\n<li>Suivi et validation des BAT<\/li>\n<li>Garante des images de marque et chartes graphiques<\/li>\n<li>Travail en \u00e9quipe avec les charg\u00e9s de communication<\/li>\n<\/ul>\n<p>&nbsp;<\/p>\n<p><em><strong>2013 &#8211; 2021 :<\/strong> <strong>Graphiste Freelance\u00a0&#8211;<\/strong><\/em> cr\u00e9ation de la maquette et mise en page de magazines pour un \u00e9diteur de presse, cr\u00e9ation de logo et charte graphique, cr\u00e9ation de logo, affiches et signal\u00e9tique pour Webhelp Groupe, r\u00e9alisation d&rsquo;habillage, anim\u00e9 ou non, de chaine Twitch pour des joueurs esport&#8230;<\/p>\n<p><strong><em>F\u00e9vrier 2013\u00a0:<\/em><\/strong> <em><strong>Graphiste<\/strong><\/em> en poste de stagiaire pour Portobello Communication \u00e0 Laval (53). Cr\u00e9ation de logos, maquettes de sites web, vectorisations, cr\u00e9ation d&rsquo;affiches, illustration, int\u00e9gration de logo sur des fa\u00e7ades de b\u00e2timents&#8230;<\/p>\n<p><em><strong>Juillet 2012\u00a0:<\/strong><\/em> <em><strong>Graphiste<\/strong><\/em> en poste de stagiaire pour Studio Version 2 \u00e0 Laval (53). Cr\u00e9ation de cartes d&rsquo;invitation, vectorisations \u00e0 partir de dessins papier, cr\u00e9ation d&rsquo;affiches, montage et retouches photographiques.<\/p>\n\t<h2>\n\t\t\t\t\tMes formations\n\t\t\t\t<\/h2>\n\t<p><em><strong>Juillet 2017\u00a0:<\/strong> <strong>Dipl\u00f4me de Motion Designer<\/strong> <\/em>Certifi\u00e9 niveau III (Bac + 2) &#8211; MJM Rennes<\/p>\n<em><strong>Juin 2013\u00a0:<\/strong><\/em> <em><strong>Dipl\u00f4me de Designer Graphique et Multim\u00e9dia<\/strong><\/em><br \/>\nCertifi\u00e9 niveau II (Bac + 3) &#8211; S\u00e9pia Brassart Nantes\n<p><em><strong>Juin 2009\u00a0:<\/strong><\/em> <em><strong>Baccalaur\u00e9at S &#8211; Sciences de l&rsquo;Ing\u00e9nieur<\/strong><\/em><\/p>\n\t\t\t<a href=\"https:\/\/www.queendesign.fr\/wp-content\/uploads\/2024\/10\/CV-FV-2024.pdf\" download target=\"_self\" role=\"button\" rel=\"noopener\">\n\t\t\t\t\t\t\tT\u00e9l\u00e9chargez mon CV\n\t\t\t\t\t<\/a>\n\n","protected":false},"excerpt":{"rendered":"<p>\u00c0 propos de moi Graphiste et Motion Designer Freelance Je suis Florence Vandecasteele, Graphiste &amp; Motion designer freelance. Ma devise est de faire de ma passion, mon m\u00e9tier. J&rsquo;aime relever de nouveaux challenges, faire de belles rencontres professionnelles et d\u00e9passer les fronti\u00e8res !Je saurai mener \u00e0 bien vos projets sur tous les supports de communication&hellip;&nbsp;<a href=\"https:\/\/www.queendesign.fr\/index.php\/about-me\/\" class=\"\" rel=\"bookmark\">Lire la suite &raquo;<span class=\"screen-reader-text\">About me<\/span><\/a><\/p>\n","protected":false},"author":1,"featured_media":0,"parent":0,"menu_order":0,"comment_status":"closed","ping_status":"closed","template":"","meta":{"neve_meta_sidebar":"full-width","neve_meta_container":"","neve_meta_enable_content_width":"on","neve_meta_content_width":100,"neve_meta_title_alignment":"","neve_meta_author_avatar":"","neve_post_elements_order":"","neve_meta_disable_header":"","neve_meta_disable_footer":"","neve_meta_disable_title":"on","_themeisle_gutenberg_block_has_review":false,"footnotes":""},"class_list":["post-572","page","type-page","status-publish","hentry"],"yoast_head":"<!-- This site is optimized with the Yoast SEO plugin v23.7 - https:\/\/yoast.com\/wordpress\/plugins\/seo\/ -->\n<title>About me &#8211; QueenDesign<\/title>\n<meta name=\"robots\" content=\"index, follow, max-snippet:-1, max-image-preview:large, max-video-preview:-1\" \/>\n<link rel=\"canonical\" href=\"https:\/\/www.queendesign.fr\/index.php\/about-me\/\" \/>\n<meta property=\"og:locale\" content=\"fr_FR\" \/>\n<meta property=\"og:type\" content=\"article\" \/>\n<meta property=\"og:title\" content=\"About me &#8211; QueenDesign\" \/>\n<meta property=\"og:description\" content=\"\u00c0 propos de moi Graphiste et Motion Designer Freelance Je suis Florence Vandecasteele, Graphiste &amp; Motion designer freelance. Ma devise est de faire de ma passion, mon m\u00e9tier. J&rsquo;aime relever de nouveaux challenges, faire de belles rencontres professionnelles et d\u00e9passer les fronti\u00e8res !Je saurai mener \u00e0 bien vos projets sur tous les supports de communication&hellip;&nbsp;Lire la suite &raquo;About me\" \/>\n<meta property=\"og:url\" content=\"https:\/\/www.queendesign.fr\/index.php\/about-me\/\" \/>\n<meta property=\"og:site_name\" content=\"QueenDesign\" \/>\n<meta property=\"article:modified_time\" content=\"2024-10-24T12:10:54+00:00\" \/>\n<meta property=\"og:image\" content=\"http:\/\/www.queendesign.fr\/wp-content\/uploads\/2020\/09\/portrait.png\" \/>\n<meta name=\"twitter:card\" content=\"summary_large_image\" \/>\n<meta name=\"twitter:label1\" content=\"Dur\u00e9e de lecture estim\u00e9e\" \/>\n\t<meta name=\"twitter:data1\" content=\"3 minutes\" \/>\n<script type=\"application\/ld+json\" class=\"yoast-schema-graph\">{\"@context\":\"https:\/\/schema.org\",\"@graph\":[{\"@type\":\"WebPage\",\"@id\":\"https:\/\/www.queendesign.fr\/index.php\/about-me\/\",\"url\":\"https:\/\/www.queendesign.fr\/index.php\/about-me\/\",\"name\":\"About me &#8211; QueenDesign\",\"isPartOf\":{\"@id\":\"https:\/\/www.queendesign.fr\/#website\"},\"primaryImageOfPage\":{\"@id\":\"https:\/\/www.queendesign.fr\/index.php\/about-me\/#primaryimage\"},\"image\":{\"@id\":\"https:\/\/www.queendesign.fr\/index.php\/about-me\/#primaryimage\"},\"thumbnailUrl\":\"http:\/\/www.queendesign.fr\/wp-content\/uploads\/2020\/09\/portrait.png\",\"datePublished\":\"2020-04-08T20:03:05+00:00\",\"dateModified\":\"2024-10-24T12:10:54+00:00\",\"breadcrumb\":{\"@id\":\"https:\/\/www.queendesign.fr\/index.php\/about-me\/#breadcrumb\"},\"inLanguage\":\"fr-FR\",\"potentialAction\":[{\"@type\":\"ReadAction\",\"target\":[\"https:\/\/www.queendesign.fr\/index.php\/about-me\/\"]}]},{\"@type\":\"ImageObject\",\"inLanguage\":\"fr-FR\",\"@id\":\"https:\/\/www.queendesign.fr\/index.php\/about-me\/#primaryimage\",\"url\":\"https:\/\/www.queendesign.fr\/wp-content\/uploads\/2020\/09\/portrait.png\",\"contentUrl\":\"https:\/\/www.queendesign.fr\/wp-content\/uploads\/2020\/09\/portrait.png\",\"width\":1080,\"height\":1440},{\"@type\":\"BreadcrumbList\",\"@id\":\"https:\/\/www.queendesign.fr\/index.php\/about-me\/#breadcrumb\",\"itemListElement\":[{\"@type\":\"ListItem\",\"position\":1,\"name\":\"Home\",\"item\":\"https:\/\/www.queendesign.fr\/\"},{\"@type\":\"ListItem\",\"position\":2,\"name\":\"About me\"}]},{\"@type\":\"WebSite\",\"@id\":\"https:\/\/www.queendesign.fr\/#website\",\"url\":\"https:\/\/www.queendesign.fr\/\",\"name\":\"QueenDesign\",\"description\":\"Graphic &amp; Motion designer\",\"publisher\":{\"@id\":\"https:\/\/www.queendesign.fr\/#\/schema\/person\/0c3eeffbcff095ffa6dfefc183d10c6e\"},\"potentialAction\":[{\"@type\":\"SearchAction\",\"target\":{\"@type\":\"EntryPoint\",\"urlTemplate\":\"https:\/\/www.queendesign.fr\/?s={search_term_string}\"},\"query-input\":{\"@type\":\"PropertyValueSpecification\",\"valueRequired\":true,\"valueName\":\"search_term_string\"}}],\"inLanguage\":\"fr-FR\"},{\"@type\":[\"Person\",\"Organization\"],\"@id\":\"https:\/\/www.queendesign.fr\/#\/schema\/person\/0c3eeffbcff095ffa6dfefc183d10c6e\",\"name\":\"QueenDesign\",\"image\":{\"@type\":\"ImageObject\",\"inLanguage\":\"fr-FR\",\"@id\":\"https:\/\/www.queendesign.fr\/#\/schema\/person\/image\/\",\"url\":\"https:\/\/www.queendesign.fr\/wp-content\/uploads\/2018\/12\/violetcrown-1024x1024.jpg\",\"contentUrl\":\"https:\/\/www.queendesign.fr\/wp-content\/uploads\/2018\/12\/violetcrown-1024x1024.jpg\",\"width\":1024,\"height\":1024,\"caption\":\"QueenDesign\"},\"logo\":{\"@id\":\"https:\/\/www.queendesign.fr\/#\/schema\/person\/image\/\"}}]}<\/script>\n<!-- \/ Yoast SEO plugin. -->","yoast_head_json":{"title":"About me &#8211; QueenDesign","robots":{"index":"index","follow":"follow","max-snippet":"max-snippet:-1","max-image-preview":"max-image-preview:large","max-video-preview":"max-video-preview:-1"},"canonical":"https:\/\/www.queendesign.fr\/index.php\/about-me\/","og_locale":"fr_FR","og_type":"article","og_title":"About me &#8211; QueenDesign","og_description":"\u00c0 propos de moi Graphiste et Motion Designer Freelance Je suis Florence Vandecasteele, Graphiste &amp; Motion designer freelance. Ma devise est de faire de ma passion, mon m\u00e9tier. J&rsquo;aime relever de nouveaux challenges, faire de belles rencontres professionnelles et d\u00e9passer les fronti\u00e8res !Je saurai mener \u00e0 bien vos projets sur tous les supports de communication&hellip;&nbsp;Lire la suite &raquo;About me","og_url":"https:\/\/www.queendesign.fr\/index.php\/about-me\/","og_site_name":"QueenDesign","article_modified_time":"2024-10-24T12:10:54+00:00","og_image":[{"url":"http:\/\/www.queendesign.fr\/wp-content\/uploads\/2020\/09\/portrait.png"}],"twitter_card":"summary_large_image","twitter_misc":{"Dur\u00e9e de lecture estim\u00e9e":"3 minutes"},"schema":{"@context":"https:\/\/schema.org","@graph":[{"@type":"WebPage","@id":"https:\/\/www.queendesign.fr\/index.php\/about-me\/","url":"https:\/\/www.queendesign.fr\/index.php\/about-me\/","name":"About me &#8211; QueenDesign","isPartOf":{"@id":"https:\/\/www.queendesign.fr\/#website"},"primaryImageOfPage":{"@id":"https:\/\/www.queendesign.fr\/index.php\/about-me\/#primaryimage"},"image":{"@id":"https:\/\/www.queendesign.fr\/index.php\/about-me\/#primaryimage"},"thumbnailUrl":"http:\/\/www.queendesign.fr\/wp-content\/uploads\/2020\/09\/portrait.png","datePublished":"2020-04-08T20:03:05+00:00","dateModified":"2024-10-24T12:10:54+00:00","breadcrumb":{"@id":"https:\/\/www.queendesign.fr\/index.php\/about-me\/#breadcrumb"},"inLanguage":"fr-FR","potentialAction":[{"@type":"ReadAction","target":["https:\/\/www.queendesign.fr\/index.php\/about-me\/"]}]},{"@type":"ImageObject","inLanguage":"fr-FR","@id":"https:\/\/www.queendesign.fr\/index.php\/about-me\/#primaryimage","url":"https:\/\/www.queendesign.fr\/wp-content\/uploads\/2020\/09\/portrait.png","contentUrl":"https:\/\/www.queendesign.fr\/wp-content\/uploads\/2020\/09\/portrait.png","width":1080,"height":1440},{"@type":"BreadcrumbList","@id":"https:\/\/www.queendesign.fr\/index.php\/about-me\/#breadcrumb","itemListElement":[{"@type":"ListItem","position":1,"name":"Home","item":"https:\/\/www.queendesign.fr\/"},{"@type":"ListItem","position":2,"name":"About me"}]},{"@type":"WebSite","@id":"https:\/\/www.queendesign.fr\/#website","url":"https:\/\/www.queendesign.fr\/","name":"QueenDesign","description":"Graphic &amp; Motion designer","publisher":{"@id":"https:\/\/www.queendesign.fr\/#\/schema\/person\/0c3eeffbcff095ffa6dfefc183d10c6e"},"potentialAction":[{"@type":"SearchAction","target":{"@type":"EntryPoint","urlTemplate":"https:\/\/www.queendesign.fr\/?s={search_term_string}"},"query-input":{"@type":"PropertyValueSpecification","valueRequired":true,"valueName":"search_term_string"}}],"inLanguage":"fr-FR"},{"@type":["Person","Organization"],"@id":"https:\/\/www.queendesign.fr\/#\/schema\/person\/0c3eeffbcff095ffa6dfefc183d10c6e","name":"QueenDesign","image":{"@type":"ImageObject","inLanguage":"fr-FR","@id":"https:\/\/www.queendesign.fr\/#\/schema\/person\/image\/","url":"https:\/\/www.queendesign.fr\/wp-content\/uploads\/2018\/12\/violetcrown-1024x1024.jpg","contentUrl":"https:\/\/www.queendesign.fr\/wp-content\/uploads\/2018\/12\/violetcrown-1024x1024.jpg","width":1024,"height":1024,"caption":"QueenDesign"},"logo":{"@id":"https:\/\/www.queendesign.fr\/#\/schema\/person\/image\/"}}]}},"_links":{"self":[{"href":"https:\/\/www.queendesign.fr\/index.php\/wp-json\/wp\/v2\/pages\/572","targetHints":{"allow":["GET"]}}],"collection":[{"href":"https:\/\/www.queendesign.fr\/index.php\/wp-json\/wp\/v2\/pages"}],"about":[{"href":"https:\/\/www.queendesign.fr\/index.php\/wp-json\/wp\/v2\/types\/page"}],"author":[{"embeddable":true,"href":"https:\/\/www.queendesign.fr\/index.php\/wp-json\/wp\/v2\/users\/1"}],"replies":[{"embeddable":true,"href":"https:\/\/www.queendesign.fr\/index.php\/wp-json\/wp\/v2\/comments?post=572"}],"version-history":[{"count":17,"href":"https:\/\/www.queendesign.fr\/index.php\/wp-json\/wp\/v2\/pages\/572\/revisions"}],"predecessor-version":[{"id":757,"href":"https:\/\/www.queendesign.fr\/index.php\/wp-json\/wp\/v2\/pages\/572\/revisions\/757"}],"wp:attachment":[{"href":"https:\/\/www.queendesign.fr\/index.php\/wp-json\/wp\/v2\/media?parent=572"}],"curies":[{"name":"wp","href":"https:\/\/api.w.org\/{rel}","templated":true}]}}